{"id":1241,"date":"2024-01-08T10:40:47","date_gmt":"2024-01-08T09:40:47","guid":{"rendered":"https:\/\/roche-pointue.fr\/?page_id=1241"},"modified":"2024-02-02T14:38:05","modified_gmt":"2024-02-02T13:38:05","slug":"mentions_legales","status":"publish","type":"page","link":"https:\/\/roche-pointue.fr\/index.php\/mentions_legales\/","title":{"rendered":"Mentions l\u00e9gales"},"content":{"rendered":"<p>[et_pb_section fb_built=&#8221;1&#8243; _builder_version=&#8221;4.23.1&#8243; _module_preset=&#8221;default&#8221; global_colors_info=&#8221;{}&#8221;][et_pb_row _builder_version=&#8221;4.23.1&#8243; _module_preset=&#8221;default&#8221; global_colors_info=&#8221;{}&#8221;][et_pb_column type=&#8221;4_4&#8243; _builder_version=&#8221;4.23.1&#8243; _module_preset=&#8221;default&#8221; global_colors_info=&#8221;{}&#8221;][et_pb_text content_tablet=&#8221;<\/p>\n<p><span class=%22highlight%22> Mentions l\u00e9gales <\/span><\/p>\n<p>&#8221; content_phone=&#8221;<\/p>\n<p><span class=%22highlight%22> Mentions   l\u00e9gales <\/span><\/p>\n<p>&#8221; content_last_edited=&#8221;on|phone&#8221; _builder_version=&#8221;4.24.0&#8243; _module_preset=&#8221;default&#8221; text_font=&#8221;Arial|600||on|||||&#8221; text_text_color=&#8221;#0a0a0a&#8221; text_font_size=&#8221;45px&#8221; text_letter_spacing=&#8221;2px&#8221; text_orientation=&#8221;center&#8221; custom_margin_tablet=&#8221;&#8221; custom_margin_phone=&#8221;-35px||||false|false&#8221; custom_margin_last_edited=&#8221;on|phone&#8221; text_font_size_tablet=&#8221;41px&#8221; text_font_size_phone=&#8221;32px&#8221; text_font_size_last_edited=&#8221;on|phone&#8221; text_letter_spacing_tablet=&#8221;1px&#8221; text_letter_spacing_phone=&#8221;0px&#8221; text_letter_spacing_last_edited=&#8221;on|desktop&#8221; text_line_height_tablet=&#8221;&#8221; text_line_height_phone=&#8221;1.5em&#8221; text_line_height_last_edited=&#8221;on|tablet&#8221; global_colors_info=&#8221;{}&#8221;]<\/p>\n<p><span class=\"highlight\">\u00a0Mentions l\u00e9gales\u00a0<\/span><\/p>\n<p>[\/et_pb_text][\/et_pb_column][\/et_pb_row][et_pb_row use_custom_gutter=&#8221;on&#8221; _builder_version=&#8221;4.23.1&#8243; _module_preset=&#8221;default&#8221; max_width=&#8221;1905px&#8221; max_width_tablet=&#8221;1905px&#8221; max_width_phone=&#8221;1905px&#8221; max_width_last_edited=&#8221;on|phone&#8221; custom_margin=&#8221;14px||||false|false&#8221; custom_margin_tablet=&#8221;14px||||false|false&#8221; custom_margin_phone=&#8221;-9px||||false|false&#8221; custom_margin_last_edited=&#8221;on|phone&#8221; custom_padding=&#8221;||9px|||&#8221; global_colors_info=&#8221;{}&#8221;][et_pb_column type=&#8221;4_4&#8243; _builder_version=&#8221;4.23.1&#8243; _module_preset=&#8221;default&#8221; global_colors_info=&#8221;{}&#8221;][et_pb_text _builder_version=&#8221;4.23.1&#8243; _module_preset=&#8221;default&#8221; text_font=&#8221;Arial||||||||&#8221; text_text_color=&#8221;#0a0a0a&#8221; text_font_size=&#8221;17px&#8221; text_line_height=&#8221;2em&#8221; text_orientation=&#8221;center&#8221; custom_padding=&#8221;||4px|||&#8221; text_font_size_tablet=&#8221;17px&#8221; text_font_size_phone=&#8221;16px&#8221; text_font_size_last_edited=&#8221;on|desktop&#8221; text_orientation_tablet=&#8221;justified&#8221; text_orientation_phone=&#8221;center&#8221; text_orientation_last_edited=&#8221;on|phone&#8221; global_colors_info=&#8221;{}&#8221;]<\/p>\n<p><strong>\u00c9DITEUR DU SITE WEB<\/strong><\/p>\n<p>Le site web &#8220;Domaine Roche-Pointue Vercors&#8221; est \u00e9dit\u00e9 par la soci\u00e9t\u00e9 : <a href=\"https:\/\/maxencepira.pro\" target=\"_blank\" rel=\"noopener\">Maxence Pira Production<\/a><\/p>\n<p>&nbsp;<\/p>\n<p><b>PROPRI\u00c9TAIRES DU SITE WEB<\/b><\/p>\n<p><strong>Raison sociale<\/strong> : RETOUR O SOURCES<\/p>\n<p><strong>Noms commerciaux<\/strong> : RETOUR O SOURCES<br \/><strong>SIREN<\/strong> : 917756488<br \/><strong>SIRET<\/strong> : 91775648800016<\/p>\n<p><strong>Contact<\/strong> : retourosources@yahoo.com<\/p>\n<p>&nbsp;<\/p>\n<p><strong>H\u00c9BERGEMENT DU SITE WEB<\/strong><\/p>\n<p>Le site web &#8220;Domaine Roche-Pointue Vercors&#8221; est h\u00e9berg\u00e9 par :<\/p>\n<p><strong>Nom de l&#8217;h\u00e9bergeur<\/strong> : <span>OVHcloud<\/span><br \/><strong>Adresse<\/strong> : <span>12 Rue Riquet, 75019 Paris<\/span><br \/><strong>T\u00e9l\u00e9phone<\/strong> : +33 9 72 10 10 07<\/p>\n<p>&nbsp;<\/p>\n<p><strong>PROPRI\u00c9T\u00c9 INTELLECTUELLE<\/strong><\/p>\n<p>Tous les contenus pr\u00e9sents sur le site &#8220;Domaine Roche-Pointue Vercors&#8221;, incluant, mais non limit\u00e9 aux textes, images, graphismes, logos, ic\u00f4nes, clips audio, clips vid\u00e9o, sont la propri\u00e9t\u00e9 exclusive de la soci\u00e9t\u00e9 RETOUR O SOURCES ou de ses partenaires et sont prot\u00e9g\u00e9s par les lois nationales et internationales relatives \u00e0 la propri\u00e9t\u00e9 intellectuelle.<\/p>\n<p>&nbsp;<\/p>\n<p><strong>DONN\u00c9ES PERSONNELLES<\/strong><\/p>\n<p>La collecte et le traitement de vos donn\u00e9es personnelles sont effectu\u00e9s dans le respect de la r\u00e9glementation en vigueur et de notre politique de confidentialit\u00e9.<\/p>\n<p>&nbsp;<\/p>\n<p><strong>DROIT APPLICABLE ET JURIDICTION COMP\u00c9TENTE<\/strong><\/p>\n<p>Les pr\u00e9sentes mentions l\u00e9gales sont soumises au droit fran\u00e7ais. En cas de litige, les tribunaux fran\u00e7ais seront seuls comp\u00e9tents.<\/p>\n<p>&nbsp;<\/p>\n<p><strong>MODIFICATIONS DES MENTIONS L\u00c9GALES<\/strong><\/p>\n<p>La soci\u00e9t\u00e9 RETOUR O SOURCES se r\u00e9serve le droit de modifier, \u00e0 tout moment et sans pr\u00e9avis, les pr\u00e9sentes mentions l\u00e9gales afin de les adapter aux \u00e9volutions du site et\/ou de son exploitation.<\/p>\n<p>Derni\u00e8re mise \u00e0 jour : <em>09\/01\/2024<\/em><\/p>\n<p>[\/et_pb_text][\/et_pb_column][\/et_pb_row][\/et_pb_section]<\/p>\n","protected":false},"excerpt":{"rendered":"<p>\u00a0Mentions l\u00e9gales\u00a0\u00c9DITEUR DU SITE WEB Le site web &#8220;Domaine Roche-Pointue Vercors&#8221; est \u00e9dit\u00e9 par la soci\u00e9t\u00e9 : Maxence Pira Production &nbsp; PROPRI\u00c9TAIRES DU SITE WEB Raison sociale : RETOUR O SOURCES Noms commerciaux : RETOUR O SOURCESSIREN : 917756488SIRET : 91775648800016 Contact : retourosources@yahoo.com &nbsp; H\u00c9BERGEMENT DU SITE WEB Le site web &#8220;Domaine Roche-Pointue Vercors&#8221; [&hellip;]<\/p>\n","protected":false},"author":1,"featured_media":0,"parent":0,"menu_order":0,"comment_status":"closed","ping_status":"closed","template":"","meta":{"_et_pb_use_builder":"on","_et_pb_old_content":"","_et_gb_content_width":"","footnotes":""},"class_list":["post-1241","page","type-page","status-publish","hentry"],"_links":{"self":[{"href":"https:\/\/roche-pointue.fr\/index.php\/wp-json\/wp\/v2\/pages\/1241","targetHints":{"allow":["GET"]}}],"collection":[{"href":"https:\/\/roche-pointue.fr\/index.php\/wp-json\/wp\/v2\/pages"}],"about":[{"href":"https:\/\/roche-pointue.fr\/index.php\/wp-json\/wp\/v2\/types\/page"}],"author":[{"embeddable":true,"href":"https:\/\/roche-pointue.fr\/index.php\/wp-json\/wp\/v2\/users\/1"}],"replies":[{"embeddable":true,"href":"https:\/\/roche-pointue.fr\/index.php\/wp-json\/wp\/v2\/comments?post=1241"}],"version-history":[{"count":13,"href":"https:\/\/roche-pointue.fr\/index.php\/wp-json\/wp\/v2\/pages\/1241\/revisions"}],"predecessor-version":[{"id":1534,"href":"https:\/\/roche-pointue.fr\/index.php\/wp-json\/wp\/v2\/pages\/1241\/revisions\/1534"}],"wp:attachment":[{"href":"https:\/\/roche-pointue.fr\/index.php\/wp-json\/wp\/v2\/media?parent=1241"}],"curies":[{"name":"wp","href":"https:\/\/api.w.org\/{rel}","templated":true}]}}